{"id":586,"date":"2016-09-16T15:48:54","date_gmt":"2016-09-16T15:48:54","guid":{"rendered":"http:\/\/werkstatt.fuelthemes.net\/?page_id=185"},"modified":"2020-10-28T17:54:39","modified_gmt":"2020-10-28T16:54:39","slug":"about-us-personal-2","status":"publish","type":"page","link":"https:\/\/www.annecharlottecoudreau.com\/index.php\/about-us-personal-2\/","title":{"rendered":"About Us &#8211; Personal"},"content":{"rendered":"[vc_row thb_full_width=\u00a0\u00bbtrue\u00a0\u00bb thb_row_padding=\u00a0\u00bbtrue\u00a0\u00bb thb_column_padding=\u00a0\u00bbtrue\u00a0\u00bb full_height=\u00a0\u00bbyes\u00a0\u00bb content_placement=\u00a0\u00bbmiddle\u00a0\u00bb thb_divider_position=\u00a0\u00bbbottom\u00a0\u00bb][vc_column width=\u00a0\u00bb1\/2&Prime; animation=\u00a0\u00bbanimation fade-in\u00a0\u00bb el_class=\u00a0\u00bbfull-height\u00a0\u00bb css=\u00a0\u00bb.vc_custom_1603903841248{padding-top: 12% !important;padding-right: 15% !important;padding-bottom: 19% !important;padding-left: 15% !important;background-image: url(https:\/\/www.annecharlottecoudreau.com\/wp-content\/uploads\/2020\/10\/Illu-contact.jpg?id=1326) !important;background-position: center !important;background-repeat: no-repeat !important;background-size: contain !important;}\u00a0\u00bb][\/vc_column][vc_column width=\u00a0\u00bb1\/2&Prime; css=\u00a0\u00bb.vc_custom_1474311147448{padding-top: 12% !important;padding-right: 15% !important;padding-bottom: 19% !important;padding-left: 15% !important;}\u00a0\u00bb][vc_column_text]\n<h4><strong>Bonjour, je suis Anne-Charlotte Coudreau, designer graphique ind\u00e9pendante, \u00e9tablie \u00e0 Paris depuis 2010. J&rsquo;interviens dans la conception et la cr\u00e9ation \u00e9ditoriale, la cr\u00e9ation d&rsquo;identit\u00e9 visuelle, la communication papier dans les domaines culturels, institutionnels et industriels ainsi que dans la r\u00e9alisation d&rsquo;illustrations. <\/strong><\/h4>\n<h4><strong>Retrouvez mon projet d&rsquo;illustrations : \u00a0<a class=\"instagram\" href=\"https:\/\/www.instagram.com\/anne_charlotte_coudreau\/?hl=fr\" target=\"_blank\" rel=\"noopener noreferrer\">Instagram<\/a>.\u00a0<\/strong><\/h4>\n[\/vc_column_text][vc_column_text]<strong>Contact :<br \/>\n<\/strong><a href=\"mailto:ac.coudreau@gmail.com\">ac.coudreau@gmail.com<\/a><br \/>\n+ 33 (0)6 42 59 87 04[\/vc_column_text][\/vc_column][\/vc_row]\n","protected":false},"excerpt":{"rendered":"<p>[vc_row thb_full_width=\u00a0\u00bbtrue\u00a0\u00bb thb_row_padding=\u00a0\u00bbtrue\u00a0\u00bb thb_column_padding=\u00a0\u00bbtrue\u00a0\u00bb full_height=\u00a0\u00bbyes\u00a0\u00bb content_placement=\u00a0\u00bbmiddle\u00a0\u00bb thb_divider_position=\u00a0\u00bbbottom\u00a0\u00bb][vc_column width=\u00a0\u00bb1\/2&Prime; animation=\u00a0\u00bbanimation fade-in\u00a0\u00bb el_class=\u00a0\u00bbfull-height\u00a0\u00bb css=\u00a0\u00bb.vc_custom_1603903841248{padding-top: 12% !important;padding-right: 15% !important;padding-bottom: 19% !important;padding-left: 15% !important;background-image: url(https:\/\/www.annecharlottecoudreau.com\/wp-content\/uploads\/2020\/10\/Illu-contact.jpg?id=1326) !important;background-position: center !important;background-repeat: no-repeat !important;background-size: contain !important;}\u00a0\u00bb][\/vc_column][vc_column width=\u00a0\u00bb1\/2&Prime; css=\u00a0\u00bb.vc_custom_1474311147448{padding-top: 12% !important;padding-right: 15% !important;padding-bottom: 19% !important;padding-left: 15% !important;}\u00a0\u00bb][vc_column_text] Bonjour, je suis Anne-Charlotte Coudreau, designer graphique ind\u00e9pendante, \u00e9tablie \u00e0 Paris depuis 2010. J&rsquo;interviens dans la conception&hellip;<\/p>\n","protected":false},"author":1,"featured_media":1326,"parent":0,"menu_order":0,"comment_status":"closed","ping_status":"closed","template":"","meta":[],"_links":{"self":[{"href":"https:\/\/www.annecharlottecoudreau.com\/index.php\/wp-json\/wp\/v2\/pages\/586"}],"collection":[{"href":"https:\/\/www.annecharlottecoudreau.com\/index.php\/wp-json\/wp\/v2\/pages"}],"about":[{"href":"https:\/\/www.annecharlottecoudreau.com\/index.php\/wp-json\/wp\/v2\/types\/page"}],"author":[{"embeddable":true,"href":"https:\/\/www.annecharlottecoudreau.com\/index.php\/wp-json\/wp\/v2\/users\/1"}],"replies":[{"embeddable":true,"href":"https:\/\/www.annecharlottecoudreau.com\/index.php\/wp-json\/wp\/v2\/comments?post=586"}],"version-history":[{"count":8,"href":"https:\/\/www.annecharlottecoudreau.com\/index.php\/wp-json\/wp\/v2\/pages\/586\/revisions"}],"predecessor-version":[{"id":1334,"href":"https:\/\/www.annecharlottecoudreau.com\/index.php\/wp-json\/wp\/v2\/pages\/586\/revisions\/1334"}],"wp:featuredmedia":[{"embeddable":true,"href":"https:\/\/www.annecharlottecoudreau.com\/index.php\/wp-json\/wp\/v2\/media\/1326"}],"wp:attachment":[{"href":"https:\/\/www.annecharlottecoudreau.com\/index.php\/wp-json\/wp\/v2\/media?parent=586"}],"curies":[{"name":"wp","href":"https:\/\/api.w.org\/{rel}","templated":true}]}}